{"id":2682,"date":"2020-03-18T15:26:19","date_gmt":"2020-03-18T14:26:19","guid":{"rendered":"https:\/\/quintadaadarnela.com\/?page_id=2682"},"modified":"2025-11-18T19:00:15","modified_gmt":"2025-11-18T18:00:15","slug":"termos-e-condicoes-gerais","status":"publish","type":"page","link":"http:\/\/quintadaadarnela.com\/pt-pt\/termos-e-condicoes-gerais\/","title":{"rendered":"Termos e condi\u00e7\u00f5es gerais"},"content":{"rendered":"<p>[et_pb_section fb_built=&#8221;1&#8243; _builder_version=&#8221;4.14.7&#8243; _module_preset=&#8221;default&#8221; global_colors_info=&#8221;{}&#8221;][et_pb_row _builder_version=&#8221;4.14.7&#8243; _module_preset=&#8221;default&#8221; global_colors_info=&#8221;{}&#8221;][et_pb_column type=&#8221;4_4&#8243; _builder_version=&#8221;4.14.7&#8243; _module_preset=&#8221;default&#8221; global_colors_info=&#8221;{}&#8221;][et_pb_text _builder_version=&#8221;4.14.7&#8243; _module_preset=&#8221;default&#8221; hover_enabled=&#8221;0&#8243; global_colors_info=&#8221;{}&#8221; sticky_enabled=&#8221;0&#8243;]<\/p>\n<h2>Termos e condi\u00e7\u00f5es gerais<\/h2>\n<p>A reserva \u00e9 definitiva quando o dep\u00f3sito n\u00e3o reembols\u00e1vel de 50% do aluguer tiver sido recebido por n\u00f3s no prazo de uma semana.<\/p>\n<p>Os restantes 50% devem ser pagos seis semanas antes da chegada. Se a reserva for feita no prazo de seis semanas ap\u00f3s a chegada, o montante total deve ser pago.<\/p>\n<p>Pedimos um dep\u00f3sito de 150,00 euros, que ser\u00e1 reembolsado no prazo de duas semanas ap\u00f3s a partida.<\/p>\n<p>Aconselhamo-lo a subscrever um seguro de cancelamento.<\/p>\n<p>[\/et_pb_text][\/et_pb_column][\/et_pb_row][\/et_pb_section]<\/p>\n","protected":false},"excerpt":{"rendered":"<p>Termos e condi\u00e7\u00f5es gerais A reserva \u00e9 definitiva quando o dep\u00f3sito n\u00e3o reembols\u00e1vel de 50% do aluguer tiver sido recebido por n\u00f3s no prazo de uma semana. Os restantes 50% devem ser pagos seis semanas antes da chegada. Se a reserva for feita no prazo de seis semanas ap\u00f3s a chegada, o montante total deve [&hellip;]<\/p>\n","protected":false},"author":11,"featured_media":0,"parent":0,"menu_order":0,"comment_status":"closed","ping_status":"closed","template":"","meta":{"_et_pb_use_builder":"on","_et_pb_old_content":"","_et_gb_content_width":"","footnotes":""},"class_list":["post-2682","page","type-page","status-publish","hentry"],"_links":{"self":[{"href":"http:\/\/quintadaadarnela.com\/pt-pt\/wp-json\/wp\/v2\/pages\/2682","targetHints":{"allow":["GET"]}}],"collection":[{"href":"http:\/\/quintadaadarnela.com\/pt-pt\/wp-json\/wp\/v2\/pages"}],"about":[{"href":"http:\/\/quintadaadarnela.com\/pt-pt\/wp-json\/wp\/v2\/types\/page"}],"author":[{"embeddable":true,"href":"http:\/\/quintadaadarnela.com\/pt-pt\/wp-json\/wp\/v2\/users\/11"}],"replies":[{"embeddable":true,"href":"http:\/\/quintadaadarnela.com\/pt-pt\/wp-json\/wp\/v2\/comments?post=2682"}],"version-history":[{"count":0,"href":"http:\/\/quintadaadarnela.com\/pt-pt\/wp-json\/wp\/v2\/pages\/2682\/revisions"}],"wp:attachment":[{"href":"http:\/\/quintadaadarnela.com\/pt-pt\/wp-json\/wp\/v2\/media?parent=2682"}],"curies":[{"name":"wp","href":"https:\/\/api.w.org\/{rel}","templated":true}]}}