{"id":2702,"date":"2020-03-30T16:36:52","date_gmt":"2020-03-30T15:36:52","guid":{"rendered":"https:\/\/quintadaadarnela.com\/?page_id=2702"},"modified":"2025-11-18T18:59:42","modified_gmt":"2025-11-18T17:59:42","slug":"2702-2","status":"publish","type":"page","link":"http:\/\/quintadaadarnela.com\/pt-pt\/2702-2\/","title":{"rendered":"Redondeza"},"content":{"rendered":"<p>[et_pb_section fb_built=&#8221;1&#8243; _builder_version=&#8221;4.16&#8243; background_color=&#8221;#e8e1cd&#8221; custom_padding=&#8221;||1px|||&#8221; global_colors_info=&#8221;{}&#8221;][et_pb_row use_custom_gutter=&#8221;on&#8221; gutter_width=&#8221;4&#8243; _builder_version=&#8221;4.23.1&#8243; _module_preset=&#8221;default&#8221; background_image=&#8221;http:\/\/quintadaadarnela.com\/wp-content\/uploads\/2023\/10\/20230209_131013.jpg&#8221; width=&#8221;100%&#8221; max_width=&#8221;1400px&#8221; height=&#8221;500px&#8221; custom_margin=&#8221;-55px||||false|false&#8221; custom_padding=&#8221;0px|||||&#8221; global_colors_info=&#8221;{}&#8221;][et_pb_column type=&#8221;4_4&#8243; _builder_version=&#8221;4.19.4&#8243; _module_preset=&#8221;default&#8221; global_colors_info=&#8221;{}&#8221;][et_pb_text admin_label=&#8221;Text&#8221; _builder_version=&#8221;4.23.1&#8243; text_font=&#8221;||||||||&#8221; text_text_color=&#8221;#ffffff&#8221; text_font_size=&#8221;25px&#8221; text_line_height=&#8221;1em&#8221; header_font=&#8221;|700|||||||&#8221; header_text_align=&#8221;center&#8221; header_text_color=&#8221;#800000&#8243; header_font_size=&#8221;60px&#8221; header_letter_spacing=&#8221;1px&#8221; header_line_height=&#8221;1.1em&#8221; header_2_font=&#8221;|700|||||||&#8221; header_2_text_color=&#8221;rgba(0,0,0,0)&#8221; header_2_font_size=&#8221;30px&#8221; header_3_font=&#8221;||||||||&#8221; background_color=&#8221;RGBA(255,255,255,0)&#8221; text_orientation=&#8221;center&#8221; background_layout=&#8221;dark&#8221; width=&#8221;70%&#8221; module_alignment=&#8221;center&#8221; min_height=&#8221;97px&#8221; custom_margin=&#8221;20px||20px||false|false&#8221; custom_margin_tablet=&#8221;0vw||20px&#8221; custom_margin_phone=&#8221;&#8221; custom_margin_last_edited=&#8221;on|desktop&#8221; custom_padding=&#8221;||9px||false|false&#8221; hover_enabled=&#8221;0&#8243; header_font_size_tablet=&#8221;10vw&#8221; header_font_size_phone=&#8221;14vw&#8221; header_font_size_last_edited=&#8221;off|tablet&#8221; header_2_font_size_tablet=&#8221;&#8221; header_2_font_size_phone=&#8221;&#8221; header_2_font_size_last_edited=&#8221;on|phone&#8221; text_text_shadow_style=&#8221;preset5&#8243; text_text_shadow_horizontal_length=&#8221;0.04em&#8221; text_text_shadow_vertical_length=&#8221;0.04em&#8221; text_text_shadow_blur_strength=&#8221;0.05em&#8221; text_text_shadow_color=&#8221;#383838&#8243; header_text_shadow_style=&#8221;preset4&#8243; header_text_shadow_horizontal_length=&#8221;0.02em&#8221; header_text_shadow_vertical_length=&#8221;0.06em&#8221; header_text_shadow_blur_strength=&#8221;0.02em&#8221; header_text_shadow_color=&#8221;rgba(0,0,0,0.82)&#8221; locked=&#8221;off&#8221; global_colors_info=&#8221;{}&#8221; header_3_font_size__hover=&#8221;22px&#8221; header_3_font_size__hover_enabled=&#8221;22px&#8221; header_3_letter_spacing__hover=&#8221;0px&#8221; header_3_letter_spacing__hover_enabled=&#8221;0px&#8221; header_3_line_height__hover=&#8221;1em&#8221; header_3_line_height__hover_enabled=&#8221;1em&#8221; header_3_text_shadow_style__hover=&#8221;none&#8221; header_3_text_shadow_style__hover_enabled=&#8221;none&#8221; header_3_text_shadow_color__hover=&#8221;rgba(0,0,0,0.4)&#8221; header_3_text_shadow_color__hover_enabled=&#8221;rgba(0,0,0,0.4)&#8221; disabled_on=&#8221;on|off|off&#8221; sticky_enabled=&#8221;0&#8243;]<\/p>\n<h1>Arredores\u00a0<\/h1>\n<p>[\/et_pb_text][et_pb_text admin_label=&#8221;Text&#8221; _builder_version=&#8221;4.23.1&#8243; text_font=&#8221;||||||||&#8221; text_text_color=&#8221;#ffffff&#8221; text_font_size=&#8221;25px&#8221; text_line_height=&#8221;1em&#8221; header_font=&#8221;|700|||||||&#8221; header_text_align=&#8221;center&#8221; header_text_color=&#8221;#800000&#8243; header_font_size=&#8221;45px&#8221; header_letter_spacing=&#8221;1px&#8221; header_line_height=&#8221;1.1em&#8221; header_2_font=&#8221;|700|||||||&#8221; header_2_text_color=&#8221;rgba(0,0,0,0)&#8221; header_2_font_size=&#8221;30px&#8221; header_3_font=&#8221;||||||||&#8221; background_color=&#8221;RGBA(255,255,255,0)&#8221; text_orientation=&#8221;center&#8221; background_layout=&#8221;dark&#8221; width=&#8221;70%&#8221; module_alignment=&#8221;center&#8221; min_height=&#8221;97px&#8221; custom_margin=&#8221;20px||20px||false|false&#8221; custom_margin_tablet=&#8221;0vw||20px&#8221; custom_margin_phone=&#8221;&#8221; custom_margin_last_edited=&#8221;on|desktop&#8221; custom_padding=&#8221;||9px||false|false&#8221; hover_enabled=&#8221;0&#8243; header_font_size_tablet=&#8221;10vw&#8221; header_font_size_phone=&#8221;14vw&#8221; header_font_size_last_edited=&#8221;off|tablet&#8221; header_2_font_size_tablet=&#8221;&#8221; header_2_font_size_phone=&#8221;&#8221; header_2_font_size_last_edited=&#8221;on|phone&#8221; text_text_shadow_style=&#8221;preset5&#8243; text_text_shadow_horizontal_length=&#8221;0.04em&#8221; text_text_shadow_vertical_length=&#8221;0.04em&#8221; text_text_shadow_blur_strength=&#8221;0.05em&#8221; text_text_shadow_color=&#8221;#383838&#8243; header_text_shadow_style=&#8221;preset4&#8243; header_text_shadow_horizontal_length=&#8221;0.02em&#8221; header_text_shadow_vertical_length=&#8221;0.06em&#8221; header_text_shadow_blur_strength=&#8221;0.02em&#8221; header_text_shadow_color=&#8221;rgba(0,0,0,0.82)&#8221; locked=&#8221;off&#8221; global_colors_info=&#8221;{}&#8221; header_3_font_size__hover=&#8221;22px&#8221; header_3_font_size__hover_enabled=&#8221;22px&#8221; header_3_letter_spacing__hover=&#8221;0px&#8221; header_3_letter_spacing__hover_enabled=&#8221;0px&#8221; header_3_line_height__hover=&#8221;1em&#8221; header_3_line_height__hover_enabled=&#8221;1em&#8221; header_3_text_shadow_style__hover=&#8221;none&#8221; header_3_text_shadow_style__hover_enabled=&#8221;none&#8221; header_3_text_shadow_color__hover=&#8221;rgba(0,0,0,0.4)&#8221; header_3_text_shadow_color__hover_enabled=&#8221;rgba(0,0,0,0.4)&#8221; disabled_on=&#8221;off|on|on&#8221; sticky_enabled=&#8221;0&#8243;]<\/p>\n<h1>Arredores<\/h1>\n<p>[\/et_pb_text][\/et_pb_column][\/et_pb_row][et_pb_row _builder_version=&#8221;4.16&#8243; global_colors_info=&#8221;{}&#8221;][et_pb_column type=&#8221;4_4&#8243; _builder_version=&#8221;4.16&#8243; global_colors_info=&#8221;{}&#8221;][et_pb_text _builder_version=&#8221;4.19.4&#8243; header_font=&#8221;|700|||||||&#8221; custom_margin=&#8221;||-2px|||&#8221; global_colors_info=&#8221;{}&#8221;]<\/p>\n<p>A Quinta fica a uma curta dist\u00e2ncia da Serra da Estrela, a maior cadeia montanhosa e tamb\u00e9m parque natural de Portugal Continental. Aqui \u00e9 poss\u00edvel fazer belos passeios e visitar o pico mais alto, o Monte da Torre, que mede 1993m, sendo a montanha mais alta de Portugal. Aqui nasce o rio Mondego, o maior rio s\u00f3 em Portugal, que se presta perfeitamente a passeios de barco e de canoa com toda a fam\u00edlia.<\/p>\n<p>Se quiser fugir \u00e0s multid\u00f5es e conhecer o Portugal aut\u00eantico, uma visita a esta regi\u00e3o vale mais do que a pena.<\/p>\n<p>[\/et_pb_text][et_pb_text _builder_version=&#8221;4.16&#8243; text_text_color=&#8221;#650205&#8243; link_text_color=&#8221;#650205&#8243; link_font_size=&#8221;16px&#8221; link_line_height=&#8221;0.8em&#8221; text_orientation=&#8221;center&#8221; custom_padding=&#8221;0px|0px||17px|false|false&#8221; global_colors_info=&#8221;{}&#8221;]<\/p>\n<p style=\"text-align: center;\"><a href=\"https:\/\/www.transserrano.com\/?lang=en\" target=\"_blank\" rel=\"noopener noreferrer\">&#8211; Canyoning no Rio Pena<br \/> <\/a><a href=\"https:\/\/www.opioneirodomondego.com\/nl\" target=\"_blank\" rel=\"noopener noreferrer\">&#8211; Kayak no Rio Mondego<br \/> <\/a><a href=\"https:\/\/www.wandeleninportugal.info\/natuurpark_estrela\/\" target=\"_blank\" rel=\"noopener noreferrer\">&#8211; Serra da Estrela<br \/> <\/a><a href=\"https:\/\/museudoazeite.com\/?lang=en\" target=\"_blank\" rel=\"noopener noreferrer\">&#8211; Museu do Azeite<br \/> <\/a><a href=\"https:\/\/www.santarvilajardim.pt\/index.php\/en\/\/?lang=en\" target=\"_blank\" rel=\"noopener noreferrer\">&#8211; Casa do Vinho Casa de Santar<br \/> <\/a><a href=\"https:\/\/www.globalwines.pt\/en\/inicio_en\/\/?lang=en\" target=\"_blank\" rel=\"noopener noreferrer\">&#8211; Adega Quinta de Cabriz<\/a><\/p>\n<p>[\/et_pb_text][\/et_pb_column][\/et_pb_row][et_pb_row _builder_version=&#8221;4.19.4&#8243; _module_preset=&#8221;default&#8221; width=&#8221;100%&#8221; max_width=&#8221;1295px&#8221; global_colors_info=&#8221;{}&#8221;][et_pb_column type=&#8221;4_4&#8243; _builder_version=&#8221;4.19.4&#8243; _module_preset=&#8221;default&#8221; global_colors_info=&#8221;{}&#8221;][et_pb_gallery gallery_ids=&#8221;2578,2582,2567,2574,2576,2564,852,2584,2586,2432,2616,2648,2630,2656,3167,2666,819,2620,2672,2662,2634,2644,2618,2664,2628,2343,2654,2626&#8243; orientation=&#8221;portrait&#8221; show_title_and_caption=&#8221;off&#8221; zoom_icon_color=&#8221;#650205&#8243; hover_overlay_color=&#8221;rgba(0,0,0,0)&#8221; admin_label=&#8221;Gallery&#8221; _builder_version=&#8221;4.19.4&#8243; pagination_text_color=&#8221;#650205&#8243; width=&#8221;100%&#8221; custom_margin=&#8221;||||false|false&#8221; custom_padding=&#8221;||||false|false&#8221; border_radii_image=&#8221;on|14px|14px|14px|14px&#8221; border_width_all_image=&#8221;4px&#8221; border_color_all_image=&#8221;#650205&#8243; box_shadow_style_image=&#8221;preset1&#8243; global_colors_info=&#8221;{}&#8221;][\/et_pb_gallery][\/et_pb_column][\/et_pb_row][\/et_pb_section][et_pb_section fb_built=&#8221;1&#8243; specialty=&#8221;on&#8221; custom_padding_last_edited=&#8221;on|desktop&#8221; use_background_color_gradient_2=&#8221;off&#8221; background_color_gradient_direction_2=&#8221;105deg&#8221; background_color_gradient_stops_2=&#8221;rgba(255,255,255,0.65) 0%|rgba(255,255,255,0) 76%&#8221; background_color_gradient_start_2=&#8221;rgba(255,255,255,0.65)&#8221; background_color_gradient_end_2=&#8221;rgba(255,255,255,0)&#8221; background_color_gradient_start_position_2=&#8221;0%&#8221; background_color_gradient_end_position_2=&#8221;76%&#8221; background_color_gradient_overlays_image_2=&#8221;on&#8221; padding_top_2=&#8221;0px&#8221; padding_bottom_1=&#8221;60px&#8221; admin_label=&#8221;Footer&#8221; module_class=&#8221; et_pb_specialty_fullwidth&#8221; _builder_version=&#8221;4.19.4&#8243; background_color=&#8221;#e8e1cd&#8221; inner_width=&#8221;89%&#8221; inner_width_tablet=&#8221;80%&#8221; inner_width_phone=&#8221;&#8221; inner_width_last_edited=&#8221;on|desktop&#8221; inner_max_width=&#8221;89%&#8221; inner_max_width_tablet=&#8221;80%&#8221; inner_max_width_phone=&#8221;&#8221; inner_max_width_last_edited=&#8221;on|desktop&#8221; custom_margin_tablet=&#8221;&#8221; custom_margin_phone=&#8221;||0px||false|false&#8221; custom_margin_last_edited=&#8221;on|tablet&#8221; custom_padding=&#8221;0||0||false|false&#8221; custom_padding_tablet=&#8221;0px|0px|0|0px|false|true&#8221; custom_padding_phone=&#8221;53px|0px|0|0px|false|false&#8221; top_divider_style_tablet=&#8221;&#8221; top_divider_style_phone=&#8221;&#8221; top_divider_style_last_edited=&#8221;on|phone&#8221; top_divider_height_tablet=&#8221;0px&#8221; top_divider_height_last_edited=&#8221;off|desktop&#8221; bottom_divider_style=&#8221;curve2&#8243; bottom_divider_color=&#8221;#800000&#8243; bottom_divider_height=&#8221;86px&#8221; make_fullwidth=&#8221;on&#8221; saved_tabs=&#8221;all&#8221; locked=&#8221;off&#8221; global_colors_info=&#8221;{}&#8221;][et_pb_column type=&#8221;1_2&#8243; specialty_columns=&#8221;2&#8243; _builder_version=&#8221;4.16&#8243; custom_padding=&#8221;|||&#8221; global_colors_info=&#8221;{}&#8221; custom_padding__hover=&#8221;|||&#8221;][\/et_pb_column][et_pb_column type=&#8221;1_2&#8243; admin_label=&#8221;Column&#8221; _builder_version=&#8221;4.16&#8243; custom_padding=&#8221;|||&#8221; global_colors_info=&#8221;{}&#8221; custom_padding__hover=&#8221;|||&#8221;][\/et_pb_column][\/et_pb_section]<\/p>\n","protected":false},"excerpt":{"rendered":"<p>Arredores\u00a0ArredoresA Quinta fica a uma curta dist\u00e2ncia da Serra da Estrela, a maior cadeia montanhosa e tamb\u00e9m parque natural de Portugal Continental. Aqui \u00e9 poss\u00edvel fazer belos passeios e visitar o pico mais alto, o Monte da Torre, que mede 1993m, sendo a montanha mais alta de Portugal. Aqui nasce o rio Mondego, o maior [&hellip;]<\/p>\n","protected":false},"author":11,"featured_media":3175,"parent":0,"menu_order":0,"comment_status":"closed","ping_status":"closed","template":"","meta":{"_et_pb_use_builder":"on","_et_pb_old_content":"","_et_gb_content_width":"","footnotes":""},"class_list":["post-2702","page","type-page","status-publish","has-post-thumbnail","hentry"],"_links":{"self":[{"href":"http:\/\/quintadaadarnela.com\/pt-pt\/wp-json\/wp\/v2\/pages\/2702","targetHints":{"allow":["GET"]}}],"collection":[{"href":"http:\/\/quintadaadarnela.com\/pt-pt\/wp-json\/wp\/v2\/pages"}],"about":[{"href":"http:\/\/quintadaadarnela.com\/pt-pt\/wp-json\/wp\/v2\/types\/page"}],"author":[{"embeddable":true,"href":"http:\/\/quintadaadarnela.com\/pt-pt\/wp-json\/wp\/v2\/users\/11"}],"replies":[{"embeddable":true,"href":"http:\/\/quintadaadarnela.com\/pt-pt\/wp-json\/wp\/v2\/comments?post=2702"}],"version-history":[{"count":0,"href":"http:\/\/quintadaadarnela.com\/pt-pt\/wp-json\/wp\/v2\/pages\/2702\/revisions"}],"wp:featuredmedia":[{"embeddable":true,"href":"http:\/\/quintadaadarnela.com\/pt-pt\/wp-json\/wp\/v2\/media\/3175"}],"wp:attachment":[{"href":"http:\/\/quintadaadarnela.com\/pt-pt\/wp-json\/wp\/v2\/media?parent=2702"}],"curies":[{"name":"wp","href":"https:\/\/api.w.org\/{rel}","templated":true}]}}